{"id":3320,"date":"2023-12-01T10:28:27","date_gmt":"2023-12-01T09:28:27","guid":{"rendered":"https:\/\/www.feedgy.solar\/faq\/"},"modified":"2025-01-24T10:09:39","modified_gmt":"2025-01-24T09:09:39","slug":"faq","status":"publish","type":"page","link":"https:\/\/www.feedgy.solar\/es\/faq\/","title":{"rendered":"Preguntas frecuentes"},"content":{"rendered":"\t\t<div data-elementor-type=\"wp-page\" data-elementor-id=\"3320\" class=\"elementor elementor-3320\" data-elementor-settings=\"{&quot;ha_cmc_init_switcher&quot;:&quot;no&quot;}\">\n\t\t\t\t\t\t<section class=\"elementor-section elementor-top-section elementor-element elementor-element-cf1696f elementor-section-boxed elementor-section-height-default elementor-section-height-default\" data-id=\"cf1696f\" data-element_type=\"section\" data-e-type=\"section\" data-settings=\"{&quot;background_background&quot;:&quot;classic&quot;}\">\n\t\t\t\t\t\t\t<div class=\"elementor-background-overlay\"><\/div>\n\t\t\t\t\t\t\t<div class=\"elementor-container elementor-column-gap-default\">\n\t\t\t\t\t<div class=\"elementor-column elementor-col-100 elementor-top-column elementor-element elementor-element-2786a01\" data-id=\"2786a01\" data-element_type=\"column\" data-e-type=\"column\">\n\t\t\t<div class=\"elementor-widget-wrap elementor-element-populated\">\n\t\t\t\t\t\t<div class=\"elementor-element elementor-element-d060763 elementor-widget__width-auto elementor-absolute elementor-widget elementor-widget-image\" data-id=\"d060763\" data-element_type=\"widget\" data-e-type=\"widget\" data-settings=\"{&quot;_position&quot;:&quot;absolute&quot;}\" data-widget_type=\"image.default\">\n\t\t\t\t<div class=\"elementor-widget-container\">\n\t\t\t\t\t\t\t\t\t\t\t\t\t\t\t<img decoding=\"async\" width=\"53\" height=\"106\" src=\"https:\/\/www.feedgy.solar\/wp-content\/uploads\/2023\/10\/Vector_shape_2.svg\" class=\"attachment-full size-full wp-image-2853\" alt=\"\" \/>\t\t\t\t\t\t\t\t\t\t\t\t\t\t\t<\/div>\n\t\t\t\t<\/div>\n\t\t\t\t<div class=\"elementor-element elementor-element-7eb583a elementor-widget__width-auto elementor-absolute elementor-widget elementor-widget-image\" data-id=\"7eb583a\" data-element_type=\"widget\" data-e-type=\"widget\" data-settings=\"{&quot;_position&quot;:&quot;absolute&quot;}\" data-widget_type=\"image.default\">\n\t\t\t\t<div class=\"elementor-widget-container\">\n\t\t\t\t\t\t\t\t\t\t\t\t\t\t\t<img decoding=\"async\" width=\"53\" height=\"106\" src=\"https:\/\/www.feedgy.solar\/wp-content\/uploads\/2023\/10\/vector_shape_1.svg\" class=\"attachment-full size-full wp-image-2851\" alt=\"\" \/>\t\t\t\t\t\t\t\t\t\t\t\t\t\t\t<\/div>\n\t\t\t\t<\/div>\n\t\t\t\t<div class=\"elementor-element elementor-element-882e569 elementor-widget elementor-widget-hub_fancy_heading\" data-id=\"882e569\" data-element_type=\"widget\" data-e-type=\"widget\" data-widget_type=\"hub_fancy_heading.default\">\n\t\t\t\t<div class=\"elementor-widget-container\">\n\t\t\t\t\t\n\t\t<div id=\"ld-fancy-heading-69d76e8182e44\" class=\"ld-fancy-heading pos-rel\">\n\t\t\t<h1 class=\"ld-fh-element d-inline-block pos-rel  elementor-heading-title lqd-highlight-classic lqd-highlight-grow-left h1\"  > Preguntas frecuentes<\/h1>\t\t<\/div>\n\n\t\t\t\t\t\t<\/div>\n\t\t\t\t<\/div>\n\t\t\t\t\t<\/div>\n\t\t<\/div>\n\t\t\t\t\t<\/div>\n\t\t<\/section>\n\t\t\t\t<section class=\"elementor-section elementor-top-section elementor-element elementor-element-f07ee03 elementor-section-boxed elementor-section-height-default elementor-section-height-default\" data-id=\"f07ee03\" data-element_type=\"section\" data-e-type=\"section\">\n\t\t\t\t\t\t<div class=\"elementor-container elementor-column-gap-default\">\n\t\t\t\t\t<div class=\"elementor-column elementor-col-100 elementor-top-column elementor-element elementor-element-518ddf2\" data-id=\"518ddf2\" data-element_type=\"column\" data-e-type=\"column\">\n\t\t\t<div class=\"elementor-widget-wrap elementor-element-populated\">\n\t\t\t\t\t\t<div class=\"elementor-element elementor-element-8c57e95 elementor-widget elementor-widget-ld_accordion\" data-id=\"8c57e95\" data-element_type=\"widget\" data-e-type=\"widget\" data-widget_type=\"ld_accordion.default\">\n\t\t\t\t<div class=\"elementor-widget-container\">\n\t\t\t\t\t\n\t\t<div class=\"accordion accordion-sm accordion-side-spacing accordion-title-bg-transparent accordion-active-has-fill\" id=\"accordion-69d76e818aad7\" role=\"tablist\" aria-multiselectable=\"true\">\n\t\t\t\t\t\t\t\t\t\t\t\t<div class=\"accordion-item panel  active\">\n\n\t\t\t\t<div class=\"accordion-heading\" role=\"tab\" id=\"heading-1471\">\n\t\t\t\t<h4 class=\"accordion-title  tabindex=\"-1\">\t\t\t\t\t<a class=\"\" role=\"button\" data-toggle=\"collapse\" data-bs-toggle=\"collapse\"\n                    tabindex=\"0\"\n\t\t\t\t\tdata-parent=\"#accordion-69d76e818aad7\" data-bs-parent=\"#accordion-69d76e818aad7\" href=\"#collapse-1471\" data-target=\"#collapse-1471\" data-bs-target=\"#collapse-1471\"\n\t\t\t\t\taria-expanded=\"true\" aria-controls=\"collapse-1471\">\n\t\t\t\t\t\t\t\t\t\t\t\t<span class=\"accordion-title-txt\">\u00bfQu\u00e9 es el repotenciamiento \/ reacondicionamiento \/ modernizaci\u00f3n?<\/span>\n\t\t\t\t\t\t\t\t\t\t\t\t\t<span class=\"accordion-expander\"><i class=\"xlio ion-md-add\"><\/i><i class=\"xlio ion-md-remove\"><\/i><\/span>\t\t\t\t\t\t\t\t\t\t\t<\/a>\n\t\t\t\t<\/h4>\t\t\t\t<\/div>\n\n\t\t\t\t<div id=\"collapse-1471\" class=\"accordion-collapse collapse  show\" data-bs-parent=\"#accordion-69d76e818aad7\" role=\"tabpanel\" aria-labelledby=\"heading-1471\">\n\n\t\t\t\t<div class=\"accordion-content\">\n\t\t\t\t\t<p>El t\u00e9rmino \"repotenciamiento\", tambi\u00e9n traducido al franc\u00e9s como \"renovaci\u00f3n de una unidad de producci\u00f3n de energ\u00eda\", implica la sustituci\u00f3n total o parcial de la infraestructura energ\u00e9tica antigua por instalaciones nuevas, m\u00e1s potentes y\/o eficientes, lo que resulta en un aumento de la capacidad de producci\u00f3n de energ\u00eda.<br \/>\t\t<div data-elementor-type=\"section\" data-elementor-id=\"3322\" class=\"elementor elementor-3322 elementor-1877\" data-elementor-settings=\"{&quot;ha_cmc_init_switcher&quot;:&quot;no&quot;}\">\n\t\t\t\t\t\t<section class=\"elementor-section elementor-top-section elementor-element elementor-element-e792782 elementor-section-boxed elementor-section-height-default elementor-section-height-default\" data-id=\"e792782\" data-element_type=\"section\" data-e-type=\"section\">\n\t\t\t\t\t\t<div class=\"elementor-container elementor-column-gap-default\">\n\t\t\t\t\t<div class=\"elementor-column elementor-col-100 elementor-top-column elementor-element elementor-element-c018469\" data-id=\"c018469\" data-element_type=\"column\" data-e-type=\"column\">\n\t\t\t<div class=\"elementor-widget-wrap elementor-element-populated\">\n\t\t\t\t\t\t<div class=\"elementor-element elementor-element-0f6119c elementor-widget elementor-widget-ld_button\" data-id=\"0f6119c\" data-element_type=\"widget\" data-e-type=\"widget\" data-widget_type=\"ld_button.default\">\n\t\t\t\t<div class=\"elementor-widget-container\">\n\t\t\t\t\t\n\t\t\t<a\n\t\t\t\thref=\"\/es\/repowering\/\" title=\"Retrouvez toutes les informations sur notre page Repowering\"class=\"elementor-button btn btn-solid btn-hover-txt-switch btn-hover-txt-switch-y btn-icon-right btn-has-label\"\t\t\t>\n\t\t\t\t\t\t\t\t\t<span data-text=\"M\u00e1s informaci\u00f3n\" class=\"btn-txt\" data-transition-delay=\"true\" data-delay-options=\"{&quot;elements&quot;: &quot;.lqd-chars&quot;, &quot;delayType&quot;: &quot;animation&quot;, &quot;startDelay&quot;: 0, &quot;delayBetween&quot;: 32.5}\" data-split-text=\"true\" data-split-options=\"{&quot;type&quot;: &quot;chars, words&quot;}\">\n\t\t\t\t\t\tM\u00e1s informaci\u00f3n\t\t\t\t\t<\/span>\n\t\t\t\t\t\t\t\t\t\t\t\t\t\t<span class=\"btn-icon\">\n\t\t\t\t\t\t\t<svg xmlns=\"http:\/\/www.w3.org\/2000\/svg\" width=\"31\" height=\"31\" viewBox=\"0 0 31 31\" fill=\"none\"><circle cx=\"15.5\" cy=\"15.5\" r=\"15.5\" transform=\"rotate(-90 15.5 15.5)\" fill=\"#FDB913\"><\/circle><mask id=\"mask0_25_32\" style=\"mask-type:alpha\" maskUnits=\"userSpaceOnUse\" x=\"7\" y=\"6\" width=\"18\" height=\"18\"><rect x=\"7.20923\" y=\"23.7907\" width=\"17.3023\" height=\"17.3023\" transform=\"rotate(-90 7.20923 23.7907)\" fill=\"#D9D9D9\"><\/rect><\/mask><g mask=\"url(#mask0_25_32)\"><path d=\"M10.093 15.8605L18.8703 15.8605L14.8331 19.8977L15.8605 20.907L21.6279 15.1396L15.8605 9.37214L14.8331 10.3814L18.8703 14.4187L10.093 14.4187L10.093 15.8605Z\" fill=\"#232F84\"><\/path><\/g><\/svg>\t\t\t\t\t\t<\/span>\n\t\t\t\t\t\t\t\t\t<\/a>\n\t\t\t\t\t\t\t<\/div>\n\t\t\t\t<\/div>\n\t\t\t\t\t<\/div>\n\t\t<\/div>\n\t\t\t\t\t<\/div>\n\t\t<\/section>\n\t\t\t\t<\/div>\n\t\t<\/p>\t\t\t\t<\/div>\n\n\t\t\t\t<\/div>\n\n\t\t\t<\/div>\n\t\t\t\t\t\t\t\t\t<div class=\"accordion-item panel \">\n\n\t\t\t\t<div class=\"accordion-heading\" role=\"tab\" id=\"heading-1472\">\n\t\t\t\t<h4 class=\"accordion-title  tabindex=\"-1\">\t\t\t\t\t<a class=\"collapsed\" role=\"button\" data-toggle=\"collapse\" data-bs-toggle=\"collapse\"\n                    tabindex=\"0\"\n\t\t\t\t\tdata-parent=\"#accordion-69d76e818aad7\" data-bs-parent=\"#accordion-69d76e818aad7\" href=\"#collapse-1472\" data-target=\"#collapse-1472\" data-bs-target=\"#collapse-1472\"\n\t\t\t\t\taria-expanded=\"false\" aria-controls=\"collapse-1472\">\n\t\t\t\t\t\t\t\t\t\t\t\t<span class=\"accordion-title-txt\">Para obtener m\u00e1s informaci\u00f3n<\/span>\n\t\t\t\t\t\t\t\t\t\t\t\t\t<span class=\"accordion-expander\"><i class=\"xlio ion-md-add\"><\/i><i class=\"xlio ion-md-remove\"><\/i><\/span>\t\t\t\t\t\t\t\t\t\t\t<\/a>\n\t\t\t\t<\/h4>\t\t\t\t<\/div>\n\n\t\t\t\t<div id=\"collapse-1472\" class=\"accordion-collapse collapse \" data-bs-parent=\"#accordion-69d76e818aad7\" role=\"tabpanel\" aria-labelledby=\"heading-1472\">\n\n\t\t\t\t<div class=\"accordion-content\">\n\t\t\t\t\t<p>Al involucrarse con Feedgy, conf\u00eda su proyecto a expertos en ingenier\u00eda, as\u00ed como a expertos administrativos y legales. Nuestros equipos especializados aseguran la preservaci\u00f3n de su tarifa de compra actual a trav\u00e9s de procedimientos simplificados y controlados con EDF OA. Por lo tanto, manejamos todos los tr\u00e1mites administrativos y seremos el \u00fanico punto de contacto con las organizaciones relevantes.<\/p>\t\t\t\t<\/div>\n\n\t\t\t\t<\/div>\n\n\t\t\t<\/div>\n\t\t\t\t\t\t\t\t\t<div class=\"accordion-item panel \">\n\n\t\t\t\t<div class=\"accordion-heading\" role=\"tab\" id=\"heading-1473\">\n\t\t\t\t<h4 class=\"accordion-title  tabindex=\"-1\">\t\t\t\t\t<a class=\"collapsed\" role=\"button\" data-toggle=\"collapse\" data-bs-toggle=\"collapse\"\n                    tabindex=\"0\"\n\t\t\t\t\tdata-parent=\"#accordion-69d76e818aad7\" data-bs-parent=\"#accordion-69d76e818aad7\" href=\"#collapse-1473\" data-target=\"#collapse-1473\" data-bs-target=\"#collapse-1473\"\n\t\t\t\t\taria-expanded=\"false\" aria-controls=\"collapse-1473\">\n\t\t\t\t\t\t\t\t\t\t\t\t<span class=\"accordion-title-txt\">\u00bfToman acciones de mi empresa como forma de compensaci\u00f3n por mi producci\u00f3n?<\/span>\n\t\t\t\t\t\t\t\t\t\t\t\t\t<span class=\"accordion-expander\"><i class=\"xlio ion-md-add\"><\/i><i class=\"xlio ion-md-remove\"><\/i><\/span>\t\t\t\t\t\t\t\t\t\t\t<\/a>\n\t\t\t\t<\/h4>\t\t\t\t<\/div>\n\n\t\t\t\t<div id=\"collapse-1473\" class=\"accordion-collapse collapse \" data-bs-parent=\"#accordion-69d76e818aad7\" role=\"tabpanel\" aria-labelledby=\"heading-1473\">\n\n\t\t\t\t<div class=\"accordion-content\">\n\t\t\t\t\t<p>No, a diferencia de muchas empresas solares, Feedgy le permite seguir siendo el \u00fanico propietario y beneficiario de su producci\u00f3n de energ\u00eda. Se le proporcionar\u00e1 una proyecci\u00f3n financiera detallada antes de firmar cualquier contrato, que servir\u00e1 como referencia para asegurar su financiamiento bancario. No dude en ponerse en contacto con nuestros equipos para obtener m\u00e1s informaci\u00f3n sobre nuestro apoyo administrativo.<br \/>\t\t<div data-elementor-type=\"section\" data-elementor-id=\"3343\" class=\"elementor elementor-3343 elementor-1884\" data-elementor-settings=\"{&quot;ha_cmc_init_switcher&quot;:&quot;no&quot;}\">\n\t\t\t\t\t\t<section class=\"elementor-section elementor-top-section elementor-element elementor-element-e792782 elementor-section-boxed elementor-section-height-default elementor-section-height-default\" data-id=\"e792782\" data-element_type=\"section\" data-e-type=\"section\">\n\t\t\t\t\t\t<div class=\"elementor-container elementor-column-gap-default\">\n\t\t\t\t\t<div class=\"elementor-column elementor-col-100 elementor-top-column elementor-element elementor-element-c018469\" data-id=\"c018469\" data-element_type=\"column\" data-e-type=\"column\">\n\t\t\t<div class=\"elementor-widget-wrap elementor-element-populated\">\n\t\t\t\t\t\t<div class=\"elementor-element elementor-element-6840cb7 elementor-widget elementor-widget-ld_button\" data-id=\"6840cb7\" data-element_type=\"widget\" data-e-type=\"widget\" data-widget_type=\"ld_button.default\">\n\t\t\t\t<div class=\"elementor-widget-container\">\n\t\t\t\t\t\n\t\t\t<a\n\t\t\t\thref=\"\/es\/contacto\"class=\"elementor-button btn btn-solid btn-hover-txt-switch btn-hover-txt-switch-y btn-icon-right btn-has-label\"\t\t\t>\n\t\t\t\t\t\t\t\t\t<span data-text=\"Cont\u00e1ctanos\" class=\"btn-txt\" data-transition-delay=\"true\" data-delay-options=\"{&quot;elements&quot;: &quot;.lqd-chars&quot;, &quot;delayType&quot;: &quot;animation&quot;, &quot;startDelay&quot;: 0, &quot;delayBetween&quot;: 32.5}\" data-split-text=\"true\" data-split-options=\"{&quot;type&quot;: &quot;chars, words&quot;}\">\n\t\t\t\t\t\tCont\u00e1ctanos\t\t\t\t\t<\/span>\n\t\t\t\t\t\t\t\t\t\t\t\t\t\t<span class=\"btn-icon\">\n\t\t\t\t\t\t\t<svg xmlns=\"http:\/\/www.w3.org\/2000\/svg\" width=\"31\" height=\"31\" viewBox=\"0 0 31 31\" fill=\"none\"><circle cx=\"15.5\" cy=\"15.5\" r=\"15.5\" transform=\"rotate(-90 15.5 15.5)\" fill=\"#FDB913\"><\/circle><mask id=\"mask0_25_32\" style=\"mask-type:alpha\" maskUnits=\"userSpaceOnUse\" x=\"7\" y=\"6\" width=\"18\" height=\"18\"><rect x=\"7.20923\" y=\"23.7907\" width=\"17.3023\" height=\"17.3023\" transform=\"rotate(-90 7.20923 23.7907)\" fill=\"#D9D9D9\"><\/rect><\/mask><g mask=\"url(#mask0_25_32)\"><path d=\"M10.093 15.8605L18.8703 15.8605L14.8331 19.8977L15.8605 20.907L21.6279 15.1396L15.8605 9.37214L14.8331 10.3814L18.8703 14.4187L10.093 14.4187L10.093 15.8605Z\" fill=\"#232F84\"><\/path><\/g><\/svg>\t\t\t\t\t\t<\/span>\n\t\t\t\t\t\t\t\t\t<\/a>\n\t\t\t\t\t\t\t<\/div>\n\t\t\t\t<\/div>\n\t\t\t\t\t<\/div>\n\t\t<\/div>\n\t\t\t\t\t<\/div>\n\t\t<\/section>\n\t\t\t\t<\/div>\n\t\t<\/p>\t\t\t\t<\/div>\n\n\t\t\t\t<\/div>\n\n\t\t\t<\/div>\n\t\t\t\t\t\t\t\t\t<div class=\"accordion-item panel \">\n\n\t\t\t\t<div class=\"accordion-heading\" role=\"tab\" id=\"heading-1474\">\n\t\t\t\t<h4 class=\"accordion-title  tabindex=\"-1\">\t\t\t\t\t<a class=\"collapsed\" role=\"button\" data-toggle=\"collapse\" data-bs-toggle=\"collapse\"\n                    tabindex=\"0\"\n\t\t\t\t\tdata-parent=\"#accordion-69d76e818aad7\" data-bs-parent=\"#accordion-69d76e818aad7\" href=\"#collapse-1474\" data-target=\"#collapse-1474\" data-bs-target=\"#collapse-1474\"\n\t\t\t\t\taria-expanded=\"false\" aria-controls=\"collapse-1474\">\n\t\t\t\t\t\t\t\t\t\t\t\t<span class=\"accordion-title-txt\">\u00bfAyudan a encontrar financiamiento para el trabajo?<\/span>\n\t\t\t\t\t\t\t\t\t\t\t\t\t<span class=\"accordion-expander\"><i class=\"xlio ion-md-add\"><\/i><i class=\"xlio ion-md-remove\"><\/i><\/span>\t\t\t\t\t\t\t\t\t\t\t<\/a>\n\t\t\t\t<\/h4>\t\t\t\t<\/div>\n\n\t\t\t\t<div id=\"collapse-1474\" class=\"accordion-collapse collapse \" data-bs-parent=\"#accordion-69d76e818aad7\" role=\"tabpanel\" aria-labelledby=\"heading-1474\">\n\n\t\t\t\t<div class=\"accordion-content\">\n\t\t\t\t\t<p>Feedgy le ofrece las mejores soluciones para mejorar el rendimiento de su parque solar. Aunque creemos que nuestros consejos deben separarse de una obligaci\u00f3n financiera (y de la p\u00e9rdida de control sobre su operaci\u00f3n), de todos modos le proporcionamos todas las herramientas para asegurar el financiamiento necesario para su proyecto. Podemos ayudarlo en sus tratos con instituciones financieras.<\/p><p>Cont\u00e1ctenos para obtener m\u00e1s informaci\u00f3n sobre el financiamiento de sus proyectos. <br \/>\t\t<div data-elementor-type=\"section\" data-elementor-id=\"3343\" class=\"elementor elementor-3343 elementor-1884\" data-elementor-settings=\"{&quot;ha_cmc_init_switcher&quot;:&quot;no&quot;}\">\n\t\t\t\t\t\t<section class=\"elementor-section elementor-top-section elementor-element elementor-element-e792782 elementor-section-boxed elementor-section-height-default elementor-section-height-default\" data-id=\"e792782\" data-element_type=\"section\" data-e-type=\"section\">\n\t\t\t\t\t\t<div class=\"elementor-container elementor-column-gap-default\">\n\t\t\t\t\t<div class=\"elementor-column elementor-col-100 elementor-top-column elementor-element elementor-element-c018469\" data-id=\"c018469\" data-element_type=\"column\" data-e-type=\"column\">\n\t\t\t<div class=\"elementor-widget-wrap elementor-element-populated\">\n\t\t\t\t\t\t<div class=\"elementor-element elementor-element-6840cb7 elementor-widget elementor-widget-ld_button\" data-id=\"6840cb7\" data-element_type=\"widget\" data-e-type=\"widget\" data-widget_type=\"ld_button.default\">\n\t\t\t\t<div class=\"elementor-widget-container\">\n\t\t\t\t\t\n\t\t\t<a\n\t\t\t\thref=\"\/es\/contacto\"class=\"elementor-button btn btn-solid btn-hover-txt-switch btn-hover-txt-switch-y btn-icon-right btn-has-label\"\t\t\t>\n\t\t\t\t\t\t\t\t\t<span data-text=\"Cont\u00e1ctanos\" class=\"btn-txt\" data-transition-delay=\"true\" data-delay-options=\"{&quot;elements&quot;: &quot;.lqd-chars&quot;, &quot;delayType&quot;: &quot;animation&quot;, &quot;startDelay&quot;: 0, &quot;delayBetween&quot;: 32.5}\" data-split-text=\"true\" data-split-options=\"{&quot;type&quot;: &quot;chars, words&quot;}\">\n\t\t\t\t\t\tCont\u00e1ctanos\t\t\t\t\t<\/span>\n\t\t\t\t\t\t\t\t\t\t\t\t\t\t<span class=\"btn-icon\">\n\t\t\t\t\t\t\t<svg xmlns=\"http:\/\/www.w3.org\/2000\/svg\" width=\"31\" height=\"31\" viewBox=\"0 0 31 31\" fill=\"none\"><circle cx=\"15.5\" cy=\"15.5\" r=\"15.5\" transform=\"rotate(-90 15.5 15.5)\" fill=\"#FDB913\"><\/circle><mask id=\"mask0_25_32\" style=\"mask-type:alpha\" maskUnits=\"userSpaceOnUse\" x=\"7\" y=\"6\" width=\"18\" height=\"18\"><rect x=\"7.20923\" y=\"23.7907\" width=\"17.3023\" height=\"17.3023\" transform=\"rotate(-90 7.20923 23.7907)\" fill=\"#D9D9D9\"><\/rect><\/mask><g mask=\"url(#mask0_25_32)\"><path d=\"M10.093 15.8605L18.8703 15.8605L14.8331 19.8977L15.8605 20.907L21.6279 15.1396L15.8605 9.37214L14.8331 10.3814L18.8703 14.4187L10.093 14.4187L10.093 15.8605Z\" fill=\"#232F84\"><\/path><\/g><\/svg>\t\t\t\t\t\t<\/span>\n\t\t\t\t\t\t\t\t\t<\/a>\n\t\t\t\t\t\t\t<\/div>\n\t\t\t\t<\/div>\n\t\t\t\t\t<\/div>\n\t\t<\/div>\n\t\t\t\t\t<\/div>\n\t\t<\/section>\n\t\t\t\t<\/div>\n\t\t<\/p>\t\t\t\t<\/div>\n\n\t\t\t\t<\/div>\n\n\t\t\t<\/div>\n\t\t\t\t\t\t\t\t\t<div class=\"accordion-item panel \">\n\n\t\t\t\t<div class=\"accordion-heading\" role=\"tab\" id=\"heading-1475\">\n\t\t\t\t<h4 class=\"accordion-title  tabindex=\"-1\">\t\t\t\t\t<a class=\"collapsed\" role=\"button\" data-toggle=\"collapse\" data-bs-toggle=\"collapse\"\n                    tabindex=\"0\"\n\t\t\t\t\tdata-parent=\"#accordion-69d76e818aad7\" data-bs-parent=\"#accordion-69d76e818aad7\" href=\"#collapse-1475\" data-target=\"#collapse-1475\" data-bs-target=\"#collapse-1475\"\n\t\t\t\t\taria-expanded=\"false\" aria-controls=\"collapse-1475\">\n\t\t\t\t\t\t\t\t\t\t\t\t<span class=\"accordion-title-txt\">\u00bfQu\u00e9 hacen con los paneles solares viejos?<\/span>\n\t\t\t\t\t\t\t\t\t\t\t\t\t<span class=\"accordion-expander\"><i class=\"xlio ion-md-add\"><\/i><i class=\"xlio ion-md-remove\"><\/i><\/span>\t\t\t\t\t\t\t\t\t\t\t<\/a>\n\t\t\t\t<\/h4>\t\t\t\t<\/div>\n\n\t\t\t\t<div id=\"collapse-1475\" class=\"accordion-collapse collapse \" data-bs-parent=\"#accordion-69d76e818aad7\" role=\"tabpanel\" aria-labelledby=\"heading-1475\">\n\n\t\t\t\t<div class=\"accordion-content\">\n\t\t\t\t\t<p>Si la degradaci\u00f3n de los paneles es demasiado significativa, ser\u00e1n entregados a la organizaci\u00f3n de reciclaje SOREN. Si su rendimiento ha disminuido pero no representan un riesgo el\u00e9ctrico, puede reutilizarlos para el autoconsumo, o Feedgy se encargar\u00e1 de revenderlos en el mercado de segunda mano.<br \/>\t\t<div data-elementor-type=\"section\" data-elementor-id=\"3324\" class=\"elementor elementor-3324 elementor-1892\" data-elementor-settings=\"{&quot;ha_cmc_init_switcher&quot;:&quot;no&quot;}\">\n\t\t\t\t\t\t<section class=\"elementor-section elementor-top-section elementor-element elementor-element-e792782 elementor-section-boxed elementor-section-height-default elementor-section-height-default\" data-id=\"e792782\" data-element_type=\"section\" data-e-type=\"section\">\n\t\t\t\t\t\t<div class=\"elementor-container elementor-column-gap-default\">\n\t\t\t\t\t<div class=\"elementor-column elementor-col-100 elementor-top-column elementor-element elementor-element-c018469\" data-id=\"c018469\" data-element_type=\"column\" data-e-type=\"column\">\n\t\t\t<div class=\"elementor-widget-wrap elementor-element-populated\">\n\t\t\t\t\t\t<div class=\"elementor-element elementor-element-6840cb7 elementor-widget elementor-widget-ld_button\" data-id=\"6840cb7\" data-element_type=\"widget\" data-e-type=\"widget\" data-widget_type=\"ld_button.default\">\n\t\t\t\t<div class=\"elementor-widget-container\">\n\t\t\t\t\t\n\t\t\t<a\n\t\t\t\thref=\"\/es\/nos-valeurs\/\"class=\"elementor-button btn btn-solid btn-hover-txt-switch btn-hover-txt-switch-y btn-icon-right btn-has-label\"\t\t\t>\n\t\t\t\t\t\t\t\t\t<span data-text=\"Descubra todos nuestros compromisos\" class=\"btn-txt\" data-transition-delay=\"true\" data-delay-options=\"{&quot;elements&quot;: &quot;.lqd-chars&quot;, &quot;delayType&quot;: &quot;animation&quot;, &quot;startDelay&quot;: 0, &quot;delayBetween&quot;: 32.5}\" data-split-text=\"true\" data-split-options=\"{&quot;type&quot;: &quot;chars, words&quot;}\">\n\t\t\t\t\t\tDescubra todos nuestros compromisos\t\t\t\t\t<\/span>\n\t\t\t\t\t\t\t\t\t\t\t\t\t\t<span class=\"btn-icon\">\n\t\t\t\t\t\t\t<svg xmlns=\"http:\/\/www.w3.org\/2000\/svg\" width=\"31\" height=\"31\" viewBox=\"0 0 31 31\" fill=\"none\"><circle cx=\"15.5\" cy=\"15.5\" r=\"15.5\" transform=\"rotate(-90 15.5 15.5)\" fill=\"#FDB913\"><\/circle><mask id=\"mask0_25_32\" style=\"mask-type:alpha\" maskUnits=\"userSpaceOnUse\" x=\"7\" y=\"6\" width=\"18\" height=\"18\"><rect x=\"7.20923\" y=\"23.7907\" width=\"17.3023\" height=\"17.3023\" transform=\"rotate(-90 7.20923 23.7907)\" fill=\"#D9D9D9\"><\/rect><\/mask><g mask=\"url(#mask0_25_32)\"><path d=\"M10.093 15.8605L18.8703 15.8605L14.8331 19.8977L15.8605 20.907L21.6279 15.1396L15.8605 9.37214L14.8331 10.3814L18.8703 14.4187L10.093 14.4187L10.093 15.8605Z\" fill=\"#232F84\"><\/path><\/g><\/svg>\t\t\t\t\t\t<\/span>\n\t\t\t\t\t\t\t\t\t<\/a>\n\t\t\t\t\t\t\t<\/div>\n\t\t\t\t<\/div>\n\t\t\t\t\t<\/div>\n\t\t<\/div>\n\t\t\t\t\t<\/div>\n\t\t<\/section>\n\t\t\t\t<\/div>\n\t\t<\/p>\t\t\t\t<\/div>\n\n\t\t\t\t<\/div>\n\n\t\t\t<\/div>\n\t\t\t\t\t\t\n\t\t<\/div>\n\n\t\t\t\t\t\t<\/div>\n\t\t\t\t<\/div>\n\t\t\t\t\t<\/div>\n\t\t<\/div>\n\t\t\t\t\t<\/div>\n\t\t<\/section>\n\t\t\t\t<\/div>\n\t\t","protected":false},"excerpt":{"rendered":"<p>Preguntas frecuentes Para obtener m\u00e1s informaci\u00f3n Al involucrarse con Feedgy, conf\u00eda su proyecto a expertos en ingenier\u00eda, as\u00ed como a expertos administrativos y legales. Nuestros equipos especializados aseguran la preservaci\u00f3n de su tarifa de compra actual a trav\u00e9s de procedimientos simplificados y controlados con EDF OA. Por lo tanto, manejamos todos los tr\u00e1mites administrativos y [&hellip;]<\/p>\n","protected":false},"author":1,"featured_media":0,"parent":0,"menu_order":0,"comment_status":"closed","ping_status":"closed","template":"","meta":{"footnotes":""},"class_list":["post-3320","page","type-page","status-publish","hentry"],"aioseo_notices":[],"_links":{"self":[{"href":"https:\/\/www.feedgy.solar\/es\/wp-json\/wp\/v2\/pages\/3320","targetHints":{"allow":["GET"]}}],"collection":[{"href":"https:\/\/www.feedgy.solar\/es\/wp-json\/wp\/v2\/pages"}],"about":[{"href":"https:\/\/www.feedgy.solar\/es\/wp-json\/wp\/v2\/types\/page"}],"author":[{"embeddable":true,"href":"https:\/\/www.feedgy.solar\/es\/wp-json\/wp\/v2\/users\/1"}],"replies":[{"embeddable":true,"href":"https:\/\/www.feedgy.solar\/es\/wp-json\/wp\/v2\/comments?post=3320"}],"version-history":[{"count":4,"href":"https:\/\/www.feedgy.solar\/es\/wp-json\/wp\/v2\/pages\/3320\/revisions"}],"predecessor-version":[{"id":5479,"href":"https:\/\/www.feedgy.solar\/es\/wp-json\/wp\/v2\/pages\/3320\/revisions\/5479"}],"wp:attachment":[{"href":"https:\/\/www.feedgy.solar\/es\/wp-json\/wp\/v2\/media?parent=3320"}],"curies":[{"name":"wp","href":"https:\/\/api.w.org\/{rel}","templated":true}]}}